{"id":8936,"date":"2024-05-17T13:50:18","date_gmt":"2024-05-17T13:50:18","guid":{"rendered":"https:\/\/dev.marcoronco.me\/dev\/?page_id=8936"},"modified":"2025-11-25T15:08:21","modified_gmt":"2025-11-25T15:08:21","slug":"chi-sono","status":"publish","type":"page","link":"https:\/\/dev.marcoronco.me\/dev\/chi-sono\/","title":{"rendered":"Chi sono"},"content":{"rendered":"\t\t<div data-elementor-type=\"wp-page\" data-elementor-id=\"8936\" class=\"elementor elementor-8936\" data-elementor-post-type=\"page\">\n\t\t\t\t<div class=\"elementor-element elementor-element-4be8fb9 e-flex e-con-boxed e-con e-parent\" data-id=\"4be8fb9\" data-element_type=\"container\" data-e-type=\"container\" data-settings=\"{&quot;background_background&quot;:&quot;classic&quot;}\">\n\t\t\t\t\t<div class=\"e-con-inner\">\n\t\t\t\t<div class=\"elementor-element elementor-element-89bcbd4 elementor-widget elementor-widget-heading\" data-id=\"89bcbd4\" data-element_type=\"widget\" data-e-type=\"widget\" data-widget_type=\"heading.default\">\n\t\t\t\t\t<p class=\"elementor-heading-title elementor-size-default\">USA LA TUA CURIOSIT\u00c0<\/p>\t\t\t\t<\/div>\n\t\t\t\t<div class=\"elementor-element elementor-element-9c273a3 animated-fast elementor-invisible elementor-widget elementor-widget-heading\" data-id=\"9c273a3\" data-element_type=\"widget\" data-e-type=\"widget\" data-settings=\"{&quot;_animation&quot;:&quot;fadeInUp&quot;}\" data-widget_type=\"heading.default\">\n\t\t\t\t\t<h1 class=\"elementor-heading-title elementor-size-default\">Qualunque sfida in officina porter\u00e0 con s\u00e9 esperienza, e da questa qualcosa di sempre nuovo da imparare<\/h1>\t\t\t\t<\/div>\n\t\t\t\t<div class=\"elementor-element elementor-element-430e230 elementor-widget elementor-widget-heading\" data-id=\"430e230\" data-element_type=\"widget\" data-e-type=\"widget\" data-widget_type=\"heading.default\">\n\t\t\t\t\t<p class=\"elementor-heading-title elementor-size-default\">Mi chiamo Agatino, proprio come mio nonno, che come me \u00e8 stato un meccanico autodidatta. Da lui ho imparato che passione e curiosit\u00e0 sono elementi chiave nel mondo dei motori, soprattutto quando si tratta di una Vespa. Da quando ho memoria ho passato il tempo a riparare gli oggetti che rompevo per capirne il funzionamento ed a inventare arnesi per mettere in pratica ci\u00f2 che avevo imparato.<\/p>\t\t\t\t<\/div>\n\t\t\t\t<div class=\"elementor-element elementor-element-1990393 elementor-widget elementor-widget-image\" data-id=\"1990393\" data-element_type=\"widget\" data-e-type=\"widget\" data-widget_type=\"image.default\">\n\t\t\t\t\t\t\t\t\t\t\t\t\t\t\t<img fetchpriority=\"high\" decoding=\"async\" width=\"2048\" height=\"1149\" src=\"https:\/\/dev.marcoronco.me\/dev\/wp-content\/uploads\/2024\/05\/t-shirt-sio-4.jpg\" class=\"attachment-full size-full wp-image-12512\" alt=\"\" srcset=\"https:\/\/dev.marcoronco.me\/dev\/wp-content\/uploads\/2024\/05\/t-shirt-sio-4.jpg 2048w, https:\/\/dev.marcoronco.me\/dev\/wp-content\/uploads\/2024\/05\/t-shirt-sio-4-600x337.jpg 600w, https:\/\/dev.marcoronco.me\/dev\/wp-content\/uploads\/2024\/05\/t-shirt-sio-4-300x168.jpg 300w, https:\/\/dev.marcoronco.me\/dev\/wp-content\/uploads\/2024\/05\/t-shirt-sio-4-1024x575.jpg 1024w, https:\/\/dev.marcoronco.me\/dev\/wp-content\/uploads\/2024\/05\/t-shirt-sio-4-768x431.jpg 768w, https:\/\/dev.marcoronco.me\/dev\/wp-content\/uploads\/2024\/05\/t-shirt-sio-4-1536x862.jpg 1536w\" sizes=\"(max-width: 2048px) 100vw, 2048px\" \/>\t\t\t\t\t\t\t\t\t\t\t\t\t\t\t<\/div>\n\t\t<div class=\"elementor-element elementor-element-b647fe0 e-con-full e-flex e-con e-child\" data-id=\"b647fe0\" data-element_type=\"container\" data-e-type=\"container\">\n\t\t<div class=\"elementor-element elementor-element-9d44045 e-con-full e-flex e-con e-child\" data-id=\"9d44045\" data-element_type=\"container\" data-e-type=\"container\">\n\t\t\t\t<div class=\"elementor-element elementor-element-7eec87c elementor-widget elementor-widget-image\" data-id=\"7eec87c\" data-element_type=\"widget\" data-e-type=\"widget\" data-widget_type=\"image.default\">\n\t\t\t\t\t\t\t\t\t\t\t\t\t\t\t<img decoding=\"async\" width=\"625\" height=\"800\" src=\"https:\/\/dev.marcoronco.me\/dev\/wp-content\/uploads\/2024\/05\/cuore01-mobile.jpg\" class=\"attachment-large size-large wp-image-9940\" alt=\"\" srcset=\"https:\/\/dev.marcoronco.me\/dev\/wp-content\/uploads\/2024\/05\/cuore01-mobile.jpg 625w, https:\/\/dev.marcoronco.me\/dev\/wp-content\/uploads\/2024\/05\/cuore01-mobile-234x300.jpg 234w\" sizes=\"(max-width: 625px) 100vw, 625px\" \/>\t\t\t\t\t\t\t\t\t\t\t\t\t\t\t<\/div>\n\t\t\t\t<\/div>\n\t\t<div class=\"elementor-element elementor-element-e2d0d58 e-con-full e-flex e-con e-child\" data-id=\"e2d0d58\" data-element_type=\"container\" data-e-type=\"container\">\n\t\t\t\t<div class=\"elementor-element elementor-element-a53265e elementor-widget elementor-widget-image\" data-id=\"a53265e\" data-element_type=\"widget\" data-e-type=\"widget\" data-widget_type=\"image.default\">\n\t\t\t\t\t\t\t\t\t\t\t\t\t\t\t<img decoding=\"async\" width=\"800\" height=\"842\" src=\"https:\/\/dev.marcoronco.me\/dev\/wp-content\/uploads\/2024\/05\/video-back-tiny.jpeg\" class=\"attachment-large size-large wp-image-9072\" alt=\"\" srcset=\"https:\/\/dev.marcoronco.me\/dev\/wp-content\/uploads\/2024\/05\/video-back-tiny.jpeg 807w, https:\/\/dev.marcoronco.me\/dev\/wp-content\/uploads\/2024\/05\/video-back-tiny-285x300.jpeg 285w, https:\/\/dev.marcoronco.me\/dev\/wp-content\/uploads\/2024\/05\/video-back-tiny-768x808.jpeg 768w\" sizes=\"(max-width: 800px) 100vw, 800px\" \/>\t\t\t\t\t\t\t\t\t\t\t\t\t\t\t<\/div>\n\t\t\t\t<\/div>\n\t\t\t\t<\/div>\n\t\t\t\t\t<\/div>\n\t\t\t\t<\/div>\n\t\t<div class=\"elementor-element elementor-element-40cb4c3 animated-fast e-flex e-con-boxed elementor-invisible e-con e-parent\" data-id=\"40cb4c3\" data-element_type=\"container\" data-e-type=\"container\" data-settings=\"{&quot;animation&quot;:&quot;fadeIn&quot;}\">\n\t\t\t\t\t<div class=\"e-con-inner\">\n\t\t<div class=\"elementor-element elementor-element-c86687a e-con-full e-flex e-con e-child\" data-id=\"c86687a\" data-element_type=\"container\" data-e-type=\"container\" data-settings=\"{&quot;background_background&quot;:&quot;classic&quot;}\">\n\t\t<div class=\"elementor-element elementor-element-c0487a9 e-con-full e-flex e-con e-child\" data-id=\"c0487a9\" data-element_type=\"container\" data-e-type=\"container\">\n\t\t\t\t<div class=\"elementor-element elementor-element-693d28c elementor-widget elementor-widget-heading\" data-id=\"693d28c\" data-element_type=\"widget\" data-e-type=\"widget\" data-widget_type=\"heading.default\">\n\t\t\t\t\t<h2 class=\"elementor-heading-title elementor-size-default\">Il mio primo mezzo\na due ruote<\/h2>\t\t\t\t<\/div>\n\t\t\t\t<div class=\"elementor-element elementor-element-641cbb9 elementor-widget elementor-widget-text-editor\" data-id=\"641cbb9\" data-element_type=\"widget\" data-e-type=\"widget\" data-widget_type=\"text-editor.default\">\n\t\t\t\t\t\t\t\t\t<p data-start=\"161\" data-end=\"515\">UN LUI DELLA INNOCENTI<br \/>Praticamente il figlio della Lambretta. Si trattava di un motorino a quattro marce, spompato, brutto e monoposto. Il fatto che ogni settimana avesse un problema mi ha dato l\u2019occasione unica per mettermi alla prova e affrontare qualunque sfida decidesse di sottopormi.<\/p>\t\t\t\t\t\t\t\t<\/div>\n\t\t\t\t<\/div>\n\t\t<div class=\"elementor-element elementor-element-d66eb52 e-con-full e-flex e-con e-child\" data-id=\"d66eb52\" data-element_type=\"container\" data-e-type=\"container\">\n\t\t\t\t<div class=\"elementor-element elementor-element-51133de elementor-widget elementor-widget-image\" data-id=\"51133de\" data-element_type=\"widget\" data-e-type=\"widget\" data-widget_type=\"image.default\">\n\t\t\t\t\t\t\t\t\t\t\t\t\t\t\t<img loading=\"lazy\" decoding=\"async\" width=\"510\" height=\"420\" src=\"https:\/\/dev.marcoronco.me\/dev\/wp-content\/uploads\/2025\/11\/lui-innocenti.png\" class=\"attachment-large size-large wp-image-13663\" alt=\"Lui innocenti\" srcset=\"https:\/\/dev.marcoronco.me\/dev\/wp-content\/uploads\/2025\/11\/lui-innocenti.png 510w, https:\/\/dev.marcoronco.me\/dev\/wp-content\/uploads\/2025\/11\/lui-innocenti-300x247.png 300w\" sizes=\"(max-width: 510px) 100vw, 510px\" \/>\t\t\t\t\t\t\t\t\t\t\t\t\t\t\t<\/div>\n\t\t\t\t<\/div>\n\t\t\t\t<\/div>\n\t\t\t\t\t<\/div>\n\t\t\t\t<\/div>\n\t\t<div class=\"elementor-element elementor-element-357a439 e-flex e-con-boxed e-con e-parent\" data-id=\"357a439\" data-element_type=\"container\" data-e-type=\"container\" data-settings=\"{&quot;background_background&quot;:&quot;classic&quot;}\">\n\t\t\t\t\t<div class=\"e-con-inner\">\n\t\t\t\t<div class=\"elementor-element elementor-element-f593aad elementor-widget elementor-widget-heading\" data-id=\"f593aad\" data-element_type=\"widget\" data-e-type=\"widget\" data-widget_type=\"heading.default\">\n\t\t\t\t\t<p class=\"elementor-heading-title elementor-size-default\">LA PASSIONE PER LE DUE RUOTE \u00c8 CI\u00d2 CHE PI\u00d9 MI SPINGE\nA CONOSCERE I SEGRETI DELLA MECCANICA<\/p>\t\t\t\t<\/div>\n\t\t\t\t<div class=\"elementor-element elementor-element-6ae4d95 animated-fast elementor-invisible elementor-widget elementor-widget-heading\" data-id=\"6ae4d95\" data-element_type=\"widget\" data-e-type=\"widget\" data-settings=\"{&quot;_animation&quot;:&quot;fadeInUp&quot;}\" data-widget_type=\"heading.default\">\n\t\t\t\t\t<h1 class=\"elementor-heading-title elementor-size-default\">Il primo amore\nnon si scorda mai<\/h1>\t\t\t\t<\/div>\n\t\t\t\t<div class=\"elementor-element elementor-element-f38250d elementor-widget elementor-widget-heading\" data-id=\"f38250d\" data-element_type=\"widget\" data-e-type=\"widget\" data-widget_type=\"heading.default\">\n\t\t\t\t\t<p class=\"elementor-heading-title elementor-size-default\">Dopo il Lui acquistai una Vespa 50V piuttosto sgangherata, ma a sedici anni avvenne il colpo di fulmine: una Vespa 125 PX blu cobalto con accensione elettrica e freno a disco anteriore, la mia piccolina. A 21 anni non vidi l\u2019ora di mettere le mani su una Honda XR 250 r. Non proprio un acquisto conveniente, ma fu una preziosa occasione per me per conoscere e apprezzare le sfide di un motore a quattro tempi. A 23 anni decisi di acquistare un KTM 525 exc motard elaborato 580 cc. Dopo due fratture imparai che era meglio smontare il motore per ridurne la potenza.<\/p>\t\t\t\t<\/div>\n\t\t\t\t<div class=\"elementor-element elementor-element-0973732 elementor-widget elementor-widget-image\" data-id=\"0973732\" data-element_type=\"widget\" data-e-type=\"widget\" data-widget_type=\"image.default\">\n\t\t\t\t\t\t\t\t\t\t\t\t\t\t\t<img loading=\"lazy\" decoding=\"async\" width=\"1920\" height=\"1081\" src=\"https:\/\/dev.marcoronco.me\/dev\/wp-content\/uploads\/2025\/04\/vespa-gioia.jpg\" class=\"attachment-full size-full wp-image-12040\" alt=\"\" srcset=\"https:\/\/dev.marcoronco.me\/dev\/wp-content\/uploads\/2025\/04\/vespa-gioia.jpg 1920w, https:\/\/dev.marcoronco.me\/dev\/wp-content\/uploads\/2025\/04\/vespa-gioia-600x338.jpg 600w, https:\/\/dev.marcoronco.me\/dev\/wp-content\/uploads\/2025\/04\/vespa-gioia-300x169.jpg 300w, https:\/\/dev.marcoronco.me\/dev\/wp-content\/uploads\/2025\/04\/vespa-gioia-1024x577.jpg 1024w, https:\/\/dev.marcoronco.me\/dev\/wp-content\/uploads\/2025\/04\/vespa-gioia-768x432.jpg 768w, https:\/\/dev.marcoronco.me\/dev\/wp-content\/uploads\/2025\/04\/vespa-gioia-1536x865.jpg 1536w\" sizes=\"(max-width: 1920px) 100vw, 1920px\" \/>\t\t\t\t\t\t\t\t\t\t\t\t\t\t\t<\/div>\n\t\t\t\t\t<\/div>\n\t\t\t\t<\/div>\n\t\t<div class=\"elementor-element elementor-element-07a8ea5 animated-fast e-flex e-con-boxed elementor-invisible e-con e-parent\" data-id=\"07a8ea5\" data-element_type=\"container\" data-e-type=\"container\" data-settings=\"{&quot;animation&quot;:&quot;fadeIn&quot;}\">\n\t\t\t\t\t<div class=\"e-con-inner\">\n\t\t<div class=\"elementor-element elementor-element-1199c11 e-con-full e-flex e-con e-child\" data-id=\"1199c11\" data-element_type=\"container\" data-e-type=\"container\" data-settings=\"{&quot;background_background&quot;:&quot;classic&quot;}\">\n\t\t<div class=\"elementor-element elementor-element-ee4b9ff e-con-full e-flex e-con e-child\" data-id=\"ee4b9ff\" data-element_type=\"container\" data-e-type=\"container\">\n\t\t\t\t<div class=\"elementor-element elementor-element-69d05b2 elementor-widget elementor-widget-heading\" data-id=\"69d05b2\" data-element_type=\"widget\" data-e-type=\"widget\" data-widget_type=\"heading.default\">\n\t\t\t\t\t<h2 class=\"elementor-heading-title elementor-size-default\">Ogni imprevisto \u00e8 un\u2019occasione preziosa per conoscere la propria moto<\/h2>\t\t\t\t<\/div>\n\t\t\t\t<div class=\"elementor-element elementor-element-05c0cb0 elementor-widget elementor-widget-text-editor\" data-id=\"05c0cb0\" data-element_type=\"widget\" data-e-type=\"widget\" data-widget_type=\"text-editor.default\">\n\t\t\t\t\t\t\t\t\t<p data-start=\"161\" data-end=\"515\">L\u2019ATTO DEL CAPIRE \u00c8 UNA PARTE DELICATA E NON PRIVA DI DIFFICOLT\u00c0 MA CHE PERMETTE POI DI RISOLVERE IL PROBLEMA IN AUTONOMIA.<\/p><p data-start=\"161\" data-end=\"515\"><br \/>Oggi posso dire di essere cresciuto incuriosito da un\u2019infinit\u00e0 di stimoli diversi. Con la Vespa ho potuto finalmente imparare che in ognuno di noi c\u2019\u00e8 un meccanico che non vede l\u2019ora di mettersi all\u2019opera. La curiosit\u00e0 e la voglia di conoscere il funzionamento di un motore sono ci\u00f2 che ad oggi ancora mi stimolano, ed \u00e8 per questo che ho deciso di condividere quello che so.<\/p>\t\t\t\t\t\t\t\t<\/div>\n\t\t\t\t<\/div>\n\t\t<div class=\"elementor-element elementor-element-f3f8813 e-con-full e-flex e-con e-child\" data-id=\"f3f8813\" data-element_type=\"container\" data-e-type=\"container\">\n\t\t\t\t<div class=\"elementor-element elementor-element-90d28cc elementor-widget elementor-widget-image\" data-id=\"90d28cc\" data-element_type=\"widget\" data-e-type=\"widget\" data-widget_type=\"image.default\">\n\t\t\t\t\t\t\t\t\t\t\t\t\t\t\t<img loading=\"lazy\" decoding=\"async\" width=\"782\" height=\"1024\" src=\"https:\/\/dev.marcoronco.me\/dev\/wp-content\/uploads\/2024\/05\/bio-agatino-sono-in-officina-1-782x1024.jpg\" class=\"attachment-large size-large wp-image-9179\" alt=\"\" srcset=\"https:\/\/dev.marcoronco.me\/dev\/wp-content\/uploads\/2024\/05\/bio-agatino-sono-in-officina-1-782x1024.jpg 782w, https:\/\/dev.marcoronco.me\/dev\/wp-content\/uploads\/2024\/05\/bio-agatino-sono-in-officina-1-229x300.jpg 229w, https:\/\/dev.marcoronco.me\/dev\/wp-content\/uploads\/2024\/05\/bio-agatino-sono-in-officina-1-768x1006.jpg 768w, https:\/\/dev.marcoronco.me\/dev\/wp-content\/uploads\/2024\/05\/bio-agatino-sono-in-officina-1.jpg 902w\" sizes=\"(max-width: 782px) 100vw, 782px\" \/>\t\t\t\t\t\t\t\t\t\t\t\t\t\t\t<\/div>\n\t\t\t\t<\/div>\n\t\t\t\t<\/div>\n\t\t\t\t\t<\/div>\n\t\t\t\t<\/div>\n\t\t\t\t<\/div>\n\t\t","protected":false},"excerpt":{"rendered":"<p>USA LA TUA CURIOSIT\u00c0 Qualunque sfida in officina porter\u00e0 con s\u00e9 esperienza, e da questa qualcosa di sempre nuovo da imparare Mi chiamo Agatino, proprio come mio nonno, che come me \u00e8 stato un meccanico autodidatta. Da lui ho imparato che passione e curiosit\u00e0 sono elementi chiave nel mondo dei motori, soprattutto quando si tratta [&hellip;]<\/p>\n","protected":false},"author":132,"featured_media":0,"parent":0,"menu_order":0,"comment_status":"closed","ping_status":"closed","template":"","meta":{"pmpro_default_level":"","inline_featured_image":false,"footnotes":""},"class_list":["post-8936","page","type-page","status-publish","hentry","pmpro-has-access"],"_links":{"self":[{"href":"https:\/\/dev.marcoronco.me\/dev\/wp-json\/wp\/v2\/pages\/8936","targetHints":{"allow":["GET"]}}],"collection":[{"href":"https:\/\/dev.marcoronco.me\/dev\/wp-json\/wp\/v2\/pages"}],"about":[{"href":"https:\/\/dev.marcoronco.me\/dev\/wp-json\/wp\/v2\/types\/page"}],"author":[{"embeddable":true,"href":"https:\/\/dev.marcoronco.me\/dev\/wp-json\/wp\/v2\/users\/132"}],"replies":[{"embeddable":true,"href":"https:\/\/dev.marcoronco.me\/dev\/wp-json\/wp\/v2\/comments?post=8936"}],"version-history":[{"count":115,"href":"https:\/\/dev.marcoronco.me\/dev\/wp-json\/wp\/v2\/pages\/8936\/revisions"}],"predecessor-version":[{"id":13666,"href":"https:\/\/dev.marcoronco.me\/dev\/wp-json\/wp\/v2\/pages\/8936\/revisions\/13666"}],"wp:attachment":[{"href":"https:\/\/dev.marcoronco.me\/dev\/wp-json\/wp\/v2\/media?parent=8936"}],"curies":[{"name":"wp","href":"https:\/\/api.w.org\/{rel}","templated":true}]}}